{"id":2766,"date":"2024-12-14T16:50:04","date_gmt":"2024-12-14T15:50:04","guid":{"rendered":"https:\/\/www.bmtel.it\/WP\/?post_type=product&#038;p=2766"},"modified":"2026-01-25T18:06:52","modified_gmt":"2026-01-25T17:06:52","slug":"aa-3000-telefonare-per-quotazione","status":"publish","type":"product","link":"https:\/\/www.bmtel.it\/WP\/?product=aa-3000-telefonare-per-quotazione","title":{"rendered":"AA-3000  0,1-3000 MHz"},"content":{"rendered":"<p>Contattare per quotazione<\/p>\n","protected":false},"excerpt":{"rendered":"<div class=\"product_page_specifications-row\">\n<div><span style=\"color: #ff0000;\"><strong>Prezzo per ordini di minimo 4 pezzi, con importazione diretta. Per quantit\u00e0 inferiori siete pregati di contattarci.<\/strong><\/span><\/div>\n<div class=\"product_page_specifications-column-left\">Frequency range<\/div>\n<div class=\"product_page_specifications-column-right\">\n<ul>\n<li>0.1 to 3000 MHz<\/li>\n<\/ul>\n<\/div>\n<\/div>\n<div class=\"product_page_specifications-row\">\n<div class=\"product_page_specifications-column-left\">Frequency entry<\/div>\n<div class=\"product_page_specifications-column-right\">\n<ul>\n<li>1 kHz<\/li>\n<\/ul>\n<\/div>\n<\/div>\n<div class=\"product_page_specifications-row\">\n<div class=\"product_page_specifications-column-left\">SWR measurement range<\/div>\n<div class=\"product_page_specifications-column-right\">\n<ul>\n<li>1 to 10 in chart modes<\/li>\n<li>1 to 100 in numerical modes<\/li>\n<\/ul>\n<\/div>\n<\/div>\n<div class=\"product_page_specifications-row\">\n<div class=\"product_page_specifications-column-left\">R and X range<\/div>\n<div class=\"product_page_specifications-column-right\">\n<ul>\n<li>0\u20262000, -2000\u20262000<\/li>\n<\/ul>\n<\/div>\n<\/div>\n<div class=\"product_page_specifications-row\">\n<div class=\"product_page_specifications-column-left\">Display modes<\/div>\n<div class=\"product_page_specifications-column-right\">\n<ul>\n<li>Cable tools (stub tuner, length &amp; velocity factor, cable loss and characteristic impedance measurement, LC meter, Mult\u00e9)<\/li>\n<li>Optional open-short-load calibration<\/li>\n<li>R, X chart<\/li>\n<li>Return loss chart<\/li>\n<li>Smith chart<\/li>\n<li>SWR at single or multiple frequencies<\/li>\n<li>SWR chart<\/li>\n<li>SWR, return loss, R, X, Z, L, C at single frequency<\/li>\n<li>TDR chart (Time Domain Reflectometer)<\/li>\n<li>User OSL: 10 profiles available<\/li>\n<\/ul>\n<\/div>\n<\/div>\n<div class=\"product_page_specifications-row\">\n<div class=\"product_page_specifications-column-left\">RF output<\/div>\n<div class=\"product_page_specifications-column-right\">\n<ul>\n<li>Connector type: N<\/li>\n<li>Output power: -10 dBm (at a load of 50 ohms)<\/li>\n<li>Output signal shape: square<\/li>\n<\/ul>\n<\/div>\n<\/div>\n<div class=\"product_page_specifications-row\">\n<div class=\"product_page_specifications-column-left\">Power<\/div>\n<div class=\"product_page_specifications-column-right\">\n<ul>\n<li>Max. 5 hours of continuous measurement, max. 2 days in standby mode when fully charged batteries are used<\/li>\n<li>Three 1.2V Ni-MH batteries, type AA<\/li>\n<li>Three 3.7V LiPo batteries, 14200<\/li>\n<li>When the analyzer is connected to a PC or a DC adapter with USB socket, it takes power from these sources<\/li>\n<\/ul>\n<\/div>\n<\/div>\n<div class=\"product_page_specifications-row\">\n<div class=\"product_page_specifications-column-left\">Interface<\/div>\n<div class=\"product_page_specifications-column-right\">\n<ul>\n<li>6&#215;3 keys on the water-proof keypad<\/li>\n<li>800\u00d7480 color Blanview\u00ae display<\/li>\n<li>Bluetooth Specification v.4.2, LE<\/li>\n<li>Menus and help screens in English (by default), French, Italian, Japanese, Ukrainian, Portuguese, Spanish and German<\/li>\n<li>USB connection to a personal computer<\/li>\n<\/ul>\n<\/div>\n<\/div>\n<div class=\"product_page_specifications-row\">\n<div class=\"product_page_specifications-column-left\">Operating temperature<\/div>\n<div class=\"product_page_specifications-column-right\">\n<ul>\n<li>0\u202640 \u00b0C (32\u2026104 \u00b0F)<\/li>\n<\/ul>\n<\/div>\n<\/div>\n<div class=\"product_page_specifications-row\">\n<div class=\"product_page_specifications-column-left\">Weight<\/div>\n<div class=\"product_page_specifications-column-right\">\n<ul>\n<li>442 g (15.6 oz)<\/li>\n<\/ul>\n<\/div>\n<\/div>\n<div class=\"product_page_specifications-row\">\n<div class=\"product_page_specifications-column-left\">Dimensions<\/div>\n<div class=\"product_page_specifications-column-right\">\n<ul>\n<li>100 \u00d7 230 \u00d7 55 mm, (4 \u00d7 9 \u00d7 2 in)<\/li>\n<\/ul>\n<\/div>\n<\/div>\n<div class=\"product_page_specifications-row\">\n<div class=\"product_page_specifications-column-left\">Note<\/div>\n<div class=\"product_page_specifications-column-right\">\n<ul>\n<li>Specifications are subject to change without notice<\/li>\n<li>\u041cade in Ukraine<\/li>\n<\/ul>\n<\/div>\n<\/div>\n<div class=\"product_page_specifications-row\">\n<div class=\"product_page_specifications-column-left\">GTIN-13<\/div>\n<div class=\"product_page_specifications-column-right\">\n<ul>\n<li>4820185420372<\/li>\n<\/ul>\n<\/div>\n<\/div>\n<div class=\"product_page_specifications-row\">\n<div class=\"product_page_specifications-column-left\">\u0417\u0430\u0441\u0442\u043e\u0441\u0443\u0432\u0430\u043d\u043d\u044f<\/div>\n<div class=\"product_page_specifications-column-right\"><\/div>\n<\/div>\n","protected":false},"featured_media":2767,"template":"","meta":{"_links_to":"","_links_to_target":""},"product_brand":[],"product_cat":[206,205],"product_tag":[],"class_list":{"0":"post-2766","1":"product","2":"type-product","3":"status-publish","6":"product_cat-analizzatori-dantenna","7":"product_cat-rigexpert","9":"first","10":"outofstock","11":"taxable","12":"shipping-taxable","13":"product-type-simple"},"_links":{"self":[{"href":"https:\/\/www.bmtel.it\/WP\/index.php?rest_route=\/wp\/v2\/product\/2766","targetHints":{"allow":["GET"]}}],"collection":[{"href":"https:\/\/www.bmtel.it\/WP\/index.php?rest_route=\/wp\/v2\/product"}],"about":[{"href":"https:\/\/www.bmtel.it\/WP\/index.php?rest_route=\/wp\/v2\/types\/product"}],"wp:featuredmedia":[{"embeddable":true,"href":"https:\/\/www.bmtel.it\/WP\/index.php?rest_route=\/wp\/v2\/media\/2767"}],"wp:attachment":[{"href":"https:\/\/www.bmtel.it\/WP\/index.php?rest_route=%2Fwp%2Fv2%2Fmedia&parent=2766"}],"wp:term":[{"taxonomy":"product_brand","embeddable":true,"href":"https:\/\/www.bmtel.it\/WP\/index.php?rest_route=%2Fwp%2Fv2%2Fproduct_brand&post=2766"},{"taxonomy":"product_cat","embeddable":true,"href":"https:\/\/www.bmtel.it\/WP\/index.php?rest_route=%2Fwp%2Fv2%2Fproduct_cat&post=2766"},{"taxonomy":"product_tag","embeddable":true,"href":"https:\/\/www.bmtel.it\/WP\/index.php?rest_route=%2Fwp%2Fv2%2Fproduct_tag&post=2766"}],"curies":[{"name":"wp","href":"https:\/\/api.w.org\/{rel}","templated":true}]}}